{"id":1185,"date":"2016-03-18T06:13:33","date_gmt":"2016-03-18T06:13:33","guid":{"rendered":"http:\/\/demos.famethemes.com\/onepress-oneify\/my-account\/"},"modified":"2025-06-05T02:47:11","modified_gmt":"2025-06-04T23:47:11","slug":"my-account","status":"publish","type":"page","link":"https:\/\/introcol.com\/index.php\/my-account\/","title":{"rendered":"Contact"},"content":{"rendered":"\n<p><\/p>\n\n\n\n<div id=\"wp-block-themeisle-blocks-advanced-columns-ebcaae2c\" class=\"wp-block-themeisle-blocks-advanced-columns alignfull has-2-columns has-desktop-equal-layout has-tablet-equal-layout has-mobile-collapsedRows-layout has-vertical-unset has-light-bg\"><div class=\"wp-block-themeisle-blocks-advanced-columns-overlay\"><\/div><div class=\"innerblocks-wrap\">\n<div id=\"wp-block-themeisle-blocks-advanced-column-02d86bdf\" class=\"wp-block-themeisle-blocks-advanced-column\">\n<span id=\"wp-block-themeisle-blocks-advanced-heading-fd37afff\" class=\"wp-block-themeisle-blocks-advanced-heading wp-block-themeisle-blocks-advanced-heading-fd37afff\"><strong>LET&#8217;S MEET EACH OTHER<\/strong><\/span>\n\n\n\n<h2 class=\"wp-block-heading wp-block-themeisle-blocks-advanced-heading wp-block-themeisle-blocks-advanced-heading-dbe2f686 has-neve-text-color-color has-text-color has-link-color wp-elements-aeb6d5095bf94a02ca2286033f3fa618\" id=\"wp-block-themeisle-blocks-advanced-heading-dbe2f686\" style=\"margin-top:0px;font-size:40px\">Send us a message!<\/h2>\n\n\n\n<p class=\"has-text-color has-link-color wp-elements-d74d087d6b40c7edcaa6555cc846e8d8\" style=\"color:#1f2025\">Get in&nbsp;<strong>Touch.<\/strong><\/p>\n\n\n\n<p class=\"has-text-color has-link-color wp-elements-302cd7b16123f9731acdd384840e9483\" style=\"color:#1f2025\">Please feel free to contact us for any inquiry, we are always pleased to fulfill&nbsp;our customers demands<\/p>\n\n\n\n<span id=\"wp-block-themeisle-blocks-advanced-heading-3414b024\" class=\"wp-block-themeisle-blocks-advanced-heading wp-block-themeisle-blocks-advanced-heading-3414b024\"><\/span>\n\n\n\n<span id=\"wp-block-themeisle-blocks-advanced-heading-9a412ac0\" class=\"wp-block-themeisle-blocks-advanced-heading wp-block-themeisle-blocks-advanced-heading-9a412ac0\"><\/span>\n\n\n\n<span id=\"wp-block-themeisle-blocks-advanced-heading-7c3c22c3\" class=\"wp-block-themeisle-blocks-advanced-heading wp-block-themeisle-blocks-advanced-heading-7c3c22c3\"><strong>Esmak Makine Sanayi D\u0131\u015f Tic. Ltd. \u015eti<\/strong><br>D 100 Karayolu \u00dczeri.<br>Top\u00e7ular Mah\u00a0 627. Sok. No: 1<br>\u00c7ilimli \/ D\u00fczce \/ TURKIYE<br>+90 380 537 54 95\/96<br>+90 380 537 55 00\/10<\/span>\n<\/div>\n\n\n\n<div id=\"wp-block-themeisle-blocks-advanced-column-99e1169d\" class=\"wp-block-themeisle-blocks-advanced-column\">\n<div id=\"wp-block-themeisle-blocks-form-4460aba6\" class=\"wp-block-themeisle-blocks-form\" data-option-name=\"bf9b28ff82ce323187abc5d0feb0d8f07ecd8436_4460aba6\"><form class=\"otter-form__container\">\n<div id=\"wp-block-themeisle-blocks-form-input-1fa5a8b7\" class=\"wp-block-themeisle-blocks-form-input\"><label for=\"wp-block-themeisle-blocks-form-input-1fa5a8b7-input\" class=\"otter-form-input-label\"><span class=\"otter-form-input-label__label\">Name<\/span><span class=\"required\">*<\/span><\/label><input type=\"text\" id=\"wp-block-themeisle-blocks-form-input-1fa5a8b7-input\" required placeholder=\"Your name\" class=\"otter-form-input\"\/><\/div>\n\n\n\n<div id=\"wp-block-themeisle-blocks-form-input-9a639ae0\" class=\"wp-block-themeisle-blocks-form-input\"><label for=\"wp-block-themeisle-blocks-form-input-9a639ae0-input\" class=\"otter-form-input-label\"><span class=\"otter-form-input-label__label\">Email<\/span><span class=\"required\">*<\/span><\/label><input type=\"email\" id=\"wp-block-themeisle-blocks-form-input-9a639ae0-input\" required placeholder=\"Email address\" class=\"otter-form-input\"\/><\/div>\n\n\n\n<div id=\"wp-block-themeisle-blocks-form-input-63399cc3\" class=\"wp-block-themeisle-blocks-form-input\"><label for=\"wp-block-themeisle-blocks-form-input-63399cc3-input\" class=\"otter-form-input-label\"><span class=\"otter-form-input-label__label\">Phone<\/span><span class=\"required\">*<\/span><\/label><input type=\"number\" id=\"wp-block-themeisle-blocks-form-input-63399cc3-input\" required placeholder=\"Phone Nr\" class=\"otter-form-input\"\/><\/div>\n\n\n\n<div id=\"wp-block-themeisle-blocks-form-textarea-7209dff5\" class=\"wp-block-themeisle-blocks-form-textarea\"><label for=\"wp-block-themeisle-blocks-form-textarea-7209dff5-input\" class=\"otter-form-textarea-label\"><span class=\"otter-form-textarea-label__label\">Message<\/span><span class=\"required\">*<\/span><\/label><textarea id=\"wp-block-themeisle-blocks-form-textarea-7209dff5-input\" required placeholder=\"Your message\" rows=\"10\" class=\"otter-form-textarea-input\"><\/textarea><\/div>\n\n\n<div class=\"protection\" aria-hidden=\"true\"><input type=\"hidden\" id=\"wp-block-themeisle-blocks-form-4460aba6_nonce_field\" name=\"wp-block-themeisle-blocks-form-4460aba6_nonce_field\" value=\"8cf86ee5f3\" \/><input type=\"hidden\" name=\"_wp_http_referer\" value=\"\/index.php\/wp-json\/wp\/v2\/pages\/1185\" \/><input class=\"o-anti-bot\" type=\"checkbox\"><\/div><div class=\"wp-block-button\"><button class=\"wp-block-button__link\" type=\"submit\">Submit<\/button><\/div><\/form><\/div>\n<\/div>\n<\/div><\/div>\n","protected":false},"excerpt":{"rendered":"","protected":false},"author":1,"featured_media":0,"parent":0,"menu_order":0,"comment_status":"closed","ping_status":"closed","template":"template-fullwidth.php","meta":{"_themeisle_gutenberg_block_has_review":false,"footnotes":""},"class_list":["post-1185","page","type-page","status-publish","hentry"],"_links":{"self":[{"href":"https:\/\/introcol.com\/index.php\/wp-json\/wp\/v2\/pages\/1185","targetHints":{"allow":["GET"]}}],"collection":[{"href":"https:\/\/introcol.com\/index.php\/wp-json\/wp\/v2\/pages"}],"about":[{"href":"https:\/\/introcol.com\/index.php\/wp-json\/wp\/v2\/types\/page"}],"author":[{"embeddable":true,"href":"https:\/\/introcol.com\/index.php\/wp-json\/wp\/v2\/users\/1"}],"replies":[{"embeddable":true,"href":"https:\/\/introcol.com\/index.php\/wp-json\/wp\/v2\/comments?post=1185"}],"version-history":[{"count":3,"href":"https:\/\/introcol.com\/index.php\/wp-json\/wp\/v2\/pages\/1185\/revisions"}],"predecessor-version":[{"id":1297,"href":"https:\/\/introcol.com\/index.php\/wp-json\/wp\/v2\/pages\/1185\/revisions\/1297"}],"wp:attachment":[{"href":"https:\/\/introcol.com\/index.php\/wp-json\/wp\/v2\/media?parent=1185"}],"curies":[{"name":"wp","href":"https:\/\/api.w.org\/{rel}","templated":true}]}}